{"id":2067,"date":"2024-09-10T12:00:58","date_gmt":"2024-09-10T12:00:58","guid":{"rendered":"https:\/\/kapa.si\/home-2\/"},"modified":"2024-09-18T08:57:55","modified_gmt":"2024-09-18T08:57:55","slug":"home-2","status":"publish","type":"page","link":"https:\/\/kapa.si\/sl\/","title":{"rendered":"Domov"},"content":{"rendered":"\t\t<div data-elementor-type=\"wp-page\" data-elementor-id=\"2067\" class=\"elementor elementor-2067 elementor-1037\" data-elementor-post-type=\"page\">\n\t\t\t\t<div class=\"elementor-element elementor-element-09ab929 e-flex e-con-boxed e-con e-parent\" data-id=\"09ab929\" data-element_type=\"container\" data-e-type=\"container\" data-settings=\"{&quot;background_background&quot;:&quot;classic&quot;,&quot;jet_parallax_layout_list&quot;:[]}\">\n\t\t\t\t\t<div class=\"e-con-inner\">\n\t\t<div class=\"elementor-element elementor-element-773c997 e-con-full e-flex e-con e-child\" data-id=\"773c997\" data-element_type=\"container\" data-e-type=\"container\" data-settings=\"{&quot;jet_parallax_layout_list&quot;:[]}\">\n\t\t\t\t<div class=\"elementor-element elementor-element-b358d01 elementor-widget elementor-widget-heading\" data-id=\"b358d01\" data-element_type=\"widget\" data-e-type=\"widget\" data-widget_type=\"heading.default\">\n\t\t\t\t<div class=\"elementor-widget-container\">\n\t\t\t\t\t<h2 class=\"elementor-heading-title elementor-size-default\">Kape, \u0161ali, rokavice in ve\u010d<\/h2>\t\t\t\t<\/div>\n\t\t\t\t<\/div>\n\t\t\t\t<div class=\"elementor-element elementor-element-e6d0296 elementor-widget elementor-widget-text-editor\" data-id=\"e6d0296\" data-element_type=\"widget\" data-e-type=\"widget\" data-widget_type=\"text-editor.default\">\n\t\t\t\t<div class=\"elementor-widget-container\">\n\t\t\t\t\t\t\t\t\tOdkrijte \u0161irok izbor zimskih dodatkov, ki vam bodo pomagali ostati topli in stilsko oble\u010deni!\t\t\t\t\t\t\t\t<\/div>\n\t\t\t\t<\/div>\n\t\t\t\t<div class=\"elementor-element elementor-element-432162d elementor-align-left elementor-widget elementor-widget-button\" data-id=\"432162d\" data-element_type=\"widget\" data-e-type=\"widget\" data-widget_type=\"button.default\">\n\t\t\t\t<div class=\"elementor-widget-container\">\n\t\t\t\t\t\t\t\t\t<div class=\"elementor-button-wrapper\">\n\t\t\t\t\t<a class=\"elementor-button elementor-button-link elementor-size-sm\" href=\"https:\/\/kapa.si\/sl\/shop\/\">\n\t\t\t\t\t\t<span class=\"elementor-button-content-wrapper\">\n\t\t\t\t\t\t<span class=\"elementor-button-icon\">\n\t\t\t\t<svg aria-hidden=\"true\" class=\"e-font-icon-svg e-fas-angle-right\" viewBox=\"0 0 256 512\" xmlns=\"http:\/\/www.w3.org\/2000\/svg\"><path d=\"M224.3 273l-136 136c-9.4 9.4-24.6 9.4-33.9 0l-22.6-22.6c-9.4-9.4-9.4-24.6 0-33.9l96.4-96.4-96.4-96.4c-9.4-9.4-9.4-24.6 0-33.9L54.3 103c9.4-9.4 24.6-9.4 33.9 0l136 136c9.5 9.4 9.5 24.6.1 34z\"><\/path><\/svg>\t\t\t<\/span>\n\t\t\t\t\t\t\t\t\t<span class=\"elementor-button-text\">Obi\u0161\u010dite trgovino!<\/span>\n\t\t\t\t\t<\/span>\n\t\t\t\t\t<\/a>\n\t\t\t\t<\/div>\n\t\t\t\t\t\t\t\t<\/div>\n\t\t\t\t<\/div>\n\t\t\t\t<\/div>\n\t\t<div class=\"elementor-element elementor-element-39ca5d8 e-con-full elementor-hidden-tablet elementor-hidden-mobile e-flex e-con e-child\" data-id=\"39ca5d8\" data-element_type=\"container\" data-e-type=\"container\" data-settings=\"{&quot;jet_parallax_layout_list&quot;:[]}\">\n\t\t\t\t<\/div>\n\t\t\t\t\t<\/div>\n\t\t\t\t<\/div>\n\t\t<div class=\"elementor-element elementor-element-48bb4b1 e-flex e-con-boxed e-con e-parent\" data-id=\"48bb4b1\" data-element_type=\"container\" data-e-type=\"container\" data-settings=\"{&quot;jet_parallax_layout_list&quot;:[]}\">\n\t\t\t\t\t<div class=\"e-con-inner\">\n\t\t\t\t<div class=\"elementor-element elementor-element-2572821 elementor-widget elementor-widget-heading\" data-id=\"2572821\" data-element_type=\"widget\" data-e-type=\"widget\" data-widget_type=\"heading.default\">\n\t\t\t\t<div class=\"elementor-widget-container\">\n\t\t\t\t\t<h2 class=\"elementor-heading-title elementor-size-default\">Odkrijte najnovej\u0161e kape<\/h2>\t\t\t\t<\/div>\n\t\t\t\t<\/div>\n\t\t\t\t<div class=\"elementor-element elementor-element-2bcfcbb elementor-widget elementor-widget-text-editor\" data-id=\"2bcfcbb\" data-element_type=\"widget\" data-e-type=\"widget\" data-widget_type=\"text-editor.default\">\n\t\t\t\t<div class=\"elementor-widget-container\">\n\t\t\t\t\t\t\t\t\tPredstavljamo najnovej\u0161e modele kap, ki popolnoma zdru\u017eujejo stil, udobje in kakovost. Vsaka kapa je skrbno izbrana, da vam zagotovi toploto in brez\u010dasno eleganco v hladnej\u0161ih mesecih.\t\t\t\t\t\t\t\t<\/div>\n\t\t\t\t<\/div>\n\t\t\t\t<div class=\"elementor-element elementor-element-2791a8b elementor-widget elementor-widget-shortcode\" data-id=\"2791a8b\" data-element_type=\"widget\" data-e-type=\"widget\" data-widget_type=\"shortcode.default\">\n\t\t\t\t<div class=\"elementor-widget-container\">\n\t\t\t\t\t\t\t<div class=\"elementor-shortcode\"><div class=\"woocommerce columns-4 \"><\/div><\/div>\n\t\t\t\t\t\t<\/div>\n\t\t\t\t<\/div>\n\t\t\t\t<div class=\"elementor-element elementor-element-1855058 elementor-align-center elementor-widget elementor-widget-button\" data-id=\"1855058\" data-element_type=\"widget\" data-e-type=\"widget\" data-widget_type=\"button.default\">\n\t\t\t\t<div class=\"elementor-widget-container\">\n\t\t\t\t\t\t\t\t\t<div class=\"elementor-button-wrapper\">\n\t\t\t\t\t<a class=\"elementor-button elementor-button-link elementor-size-sm\" href=\"https:\/\/kapa.si\/sl\/shop\/\">\n\t\t\t\t\t\t<span class=\"elementor-button-content-wrapper\">\n\t\t\t\t\t\t<span class=\"elementor-button-icon\">\n\t\t\t\t<svg aria-hidden=\"true\" class=\"e-font-icon-svg e-fas-angle-right\" viewBox=\"0 0 256 512\" xmlns=\"http:\/\/www.w3.org\/2000\/svg\"><path d=\"M224.3 273l-136 136c-9.4 9.4-24.6 9.4-33.9 0l-22.6-22.6c-9.4-9.4-9.4-24.6 0-33.9l96.4-96.4-96.4-96.4c-9.4-9.4-9.4-24.6 0-33.9L54.3 103c9.4-9.4 24.6-9.4 33.9 0l136 136c9.5 9.4 9.5 24.6.1 34z\"><\/path><\/svg>\t\t\t<\/span>\n\t\t\t\t\t\t\t\t\t<span class=\"elementor-button-text\">Obi\u0161\u010dite trgovino!<\/span>\n\t\t\t\t\t<\/span>\n\t\t\t\t\t<\/a>\n\t\t\t\t<\/div>\n\t\t\t\t\t\t\t\t<\/div>\n\t\t\t\t<\/div>\n\t\t\t\t\t<\/div>\n\t\t\t\t<\/div>\n\t\t<div class=\"elementor-element elementor-element-479d282 e-flex e-con-boxed e-con e-parent\" data-id=\"479d282\" data-element_type=\"container\" data-e-type=\"container\" data-settings=\"{&quot;background_background&quot;:&quot;classic&quot;,&quot;jet_parallax_layout_list&quot;:[]}\">\n\t\t\t\t\t<div class=\"e-con-inner\">\n\t\t<div class=\"elementor-element elementor-element-07deaf3 e-con-full e-flex e-con e-child\" data-id=\"07deaf3\" data-element_type=\"container\" data-e-type=\"container\" data-settings=\"{&quot;jet_parallax_layout_list&quot;:[]}\">\n\t\t\t\t<div class=\"elementor-element elementor-element-796467f elementor-position-inline-start elementor-view-default elementor-mobile-position-block-start elementor-widget elementor-widget-icon-box\" data-id=\"796467f\" data-element_type=\"widget\" data-e-type=\"widget\" data-widget_type=\"icon-box.default\">\n\t\t\t\t<div class=\"elementor-widget-container\">\n\t\t\t\t\t\t\t<div class=\"elementor-icon-box-wrapper\">\n\n\t\t\t\t\t\t<div class=\"elementor-icon-box-icon\">\n\t\t\t\t<span  class=\"elementor-icon\">\n\t\t\t\t<svg xmlns=\"http:\/\/www.w3.org\/2000\/svg\" id=\"Layer_1\" data-name=\"Layer 1\" viewBox=\"0 0 24 24\" width=\"512\" height=\"512\"><path d=\"M19,5H17V4a3,3,0,0,0-3-3H3A3,3,0,0,0,0,4V19H2.041A3.465,3.465,0,0,0,2,19.5a3.5,3.5,0,0,0,7,0,3.465,3.465,0,0,0-.041-.5h6.082a3.465,3.465,0,0,0-.041.5,3.5,3.5,0,0,0,7,0,3.465,3.465,0,0,0-.041-.5H24V10A5.006,5.006,0,0,0,19,5Zm0,2a3,3,0,0,1,3,3v1H17V7ZM7,19.5a1.5,1.5,0,0,1-3,0,1.418,1.418,0,0,1,.093-.5H6.907A1.418,1.418,0,0,1,7,19.5ZM15,17H2V4A1,1,0,0,1,3,3H14a1,1,0,0,1,1,1Zm5,2.5a1.5,1.5,0,0,1-3,0,1.41,1.41,0,0,1,.093-.5h2.814A1.41,1.41,0,0,1,20,19.5ZM17,17V13h5v4Z\"><\/path><\/svg>\t\t\t\t<\/span>\n\t\t\t<\/div>\n\t\t\t\n\t\t\t\t\t\t<div class=\"elementor-icon-box-content\">\n\n\t\t\t\t\t\t\t\t\t<h3 class=\"elementor-icon-box-title\">\n\t\t\t\t\t\t<span  >\n\t\t\t\t\t\t\tBrezpla\u010dna dostava\t\t\t\t\t\t<\/span>\n\t\t\t\t\t<\/h3>\n\t\t\t\t\n\t\t\t\t\t\t\t\t\t<p class=\"elementor-icon-box-description\">\n\t\t\t\t\t\tBrezpla\u010dna dostava pri naro\u010dilih nad 120 \u20ac.\t\t\t\t\t<\/p>\n\t\t\t\t\n\t\t\t<\/div>\n\t\t\t\n\t\t<\/div>\n\t\t\t\t\t\t<\/div>\n\t\t\t\t<\/div>\n\t\t\t\t<\/div>\n\t\t<div class=\"elementor-element elementor-element-b9df084 e-con-full e-flex e-con e-child\" data-id=\"b9df084\" data-element_type=\"container\" data-e-type=\"container\" data-settings=\"{&quot;jet_parallax_layout_list&quot;:[]}\">\n\t\t\t\t<div class=\"elementor-element elementor-element-d0b07cf elementor-position-inline-start elementor-view-default elementor-mobile-position-block-start elementor-widget elementor-widget-icon-box\" data-id=\"d0b07cf\" data-element_type=\"widget\" data-e-type=\"widget\" data-widget_type=\"icon-box.default\">\n\t\t\t\t<div class=\"elementor-widget-container\">\n\t\t\t\t\t\t\t<div class=\"elementor-icon-box-wrapper\">\n\n\t\t\t\t\t\t<div class=\"elementor-icon-box-icon\">\n\t\t\t\t<span  class=\"elementor-icon\">\n\t\t\t\t<svg xmlns=\"http:\/\/www.w3.org\/2000\/svg\" id=\"Outline\" viewBox=\"0 0 24 24\" width=\"512\" height=\"512\"><path d=\"M21,12.424V11A9,9,0,0,0,3,11v1.424A5,5,0,0,0,5,22a2,2,0,0,0,2-2V14a2,2,0,0,0-2-2V11a7,7,0,0,1,14,0v1a2,2,0,0,0-2,2v6H14a1,1,0,0,0,0,2h5a5,5,0,0,0,2-9.576ZM5,20H5a3,3,0,0,1,0-6Zm14,0V14a3,3,0,0,1,0,6Z\"><\/path><\/svg>\t\t\t\t<\/span>\n\t\t\t<\/div>\n\t\t\t\n\t\t\t\t\t\t<div class=\"elementor-icon-box-content\">\n\n\t\t\t\t\t\t\t\t\t<h3 class=\"elementor-icon-box-title\">\n\t\t\t\t\t\t<span  >\n\t\t\t\t\t\t\tSpletna podpora 24\/7\t\t\t\t\t\t<\/span>\n\t\t\t\t\t<\/h3>\n\t\t\t\t\n\t\t\t\t\t\t\t\t\t<p class=\"elementor-icon-box-description\">\n\t\t\t\t\t\tNa voljo podpora preko e-po\u0161te 24\/7.\t\t\t\t\t<\/p>\n\t\t\t\t\n\t\t\t<\/div>\n\t\t\t\n\t\t<\/div>\n\t\t\t\t\t\t<\/div>\n\t\t\t\t<\/div>\n\t\t\t\t<\/div>\n\t\t<div class=\"elementor-element elementor-element-4adc704 e-con-full e-flex e-con e-child\" data-id=\"4adc704\" data-element_type=\"container\" data-e-type=\"container\" data-settings=\"{&quot;jet_parallax_layout_list&quot;:[]}\">\n\t\t\t\t<div class=\"elementor-element elementor-element-62c7ee8 elementor-position-inline-start elementor-view-default elementor-mobile-position-block-start elementor-widget elementor-widget-icon-box\" data-id=\"62c7ee8\" data-element_type=\"widget\" data-e-type=\"widget\" data-widget_type=\"icon-box.default\">\n\t\t\t\t<div class=\"elementor-widget-container\">\n\t\t\t\t\t\t\t<div class=\"elementor-icon-box-wrapper\">\n\n\t\t\t\t\t\t<div class=\"elementor-icon-box-icon\">\n\t\t\t\t<span  class=\"elementor-icon\">\n\t\t\t\t<svg xmlns=\"http:\/\/www.w3.org\/2000\/svg\" id=\"Outline\" viewBox=\"0 0 24 24\" width=\"512\" height=\"512\"><circle cx=\"5.5\" cy=\"15.5\" r=\"1.5\"><\/circle><path d=\"M19,3H5A5.006,5.006,0,0,0,0,8v8a5.006,5.006,0,0,0,5,5H19a5.006,5.006,0,0,0,5-5V8A5.006,5.006,0,0,0,19,3ZM5,5H19a3,3,0,0,1,3,3H2A3,3,0,0,1,5,5ZM19,19H5a3,3,0,0,1-3-3V10H22v6A3,3,0,0,1,19,19Z\"><\/path><\/svg>\t\t\t\t<\/span>\n\t\t\t<\/div>\n\t\t\t\n\t\t\t\t\t\t<div class=\"elementor-icon-box-content\">\n\n\t\t\t\t\t\t\t\t\t<h3 class=\"elementor-icon-box-title\">\n\t\t\t\t\t\t<span  >\n\t\t\t\t\t\t\tVarno pla\u010devanje\t\t\t\t\t\t<\/span>\n\t\t\t\t\t<\/h3>\n\t\t\t\t\n\t\t\t\t\t\t\t\t\t<p class=\"elementor-icon-box-description\">\n\t\t\t\t\t\tU\u017eivajte v varnih in zanesljivih spletnih pla\u010dilih.\t\t\t\t\t<\/p>\n\t\t\t\t\n\t\t\t<\/div>\n\t\t\t\n\t\t<\/div>\n\t\t\t\t\t\t<\/div>\n\t\t\t\t<\/div>\n\t\t\t\t<\/div>\n\t\t<div class=\"elementor-element elementor-element-702c542 e-con-full e-flex e-con e-child\" data-id=\"702c542\" data-element_type=\"container\" data-e-type=\"container\" data-settings=\"{&quot;jet_parallax_layout_list&quot;:[]}\">\n\t\t\t\t<div class=\"elementor-element elementor-element-6efaa41 elementor-position-inline-start elementor-view-default elementor-mobile-position-block-start elementor-widget elementor-widget-icon-box\" data-id=\"6efaa41\" data-element_type=\"widget\" data-e-type=\"widget\" data-widget_type=\"icon-box.default\">\n\t\t\t\t<div class=\"elementor-widget-container\">\n\t\t\t\t\t\t\t<div class=\"elementor-icon-box-wrapper\">\n\n\t\t\t\t\t\t<div class=\"elementor-icon-box-icon\">\n\t\t\t\t<span  class=\"elementor-icon\">\n\t\t\t\t<svg xmlns=\"http:\/\/www.w3.org\/2000\/svg\" viewBox=\"0 0 24 24\" width=\"512\" height=\"512\"><g id=\"_01_align_center\" data-name=\"01 align center\"><path d=\"M11.948,24.009l-.354-.157C11.2,23.679,2,19.524,2,12V5.476A2.983,2.983,0,0,1,4.051,2.644L12,.009l7.949,2.635A2.983,2.983,0,0,1,22,5.476V12c0,8.577-9.288,11.755-9.684,11.887ZM12,2.106,4.684,4.532A.992.992,0,0,0,4,5.476V12c0,5.494,6.44,9.058,8.047,9.861C13.651,21.216,20,18.263,20,12V5.476a.992.992,0,0,0-.684-.944Z\"><\/path><path d=\"M11.111,14.542h-.033a1.872,1.872,0,0,1-1.345-.6l-2.306-2.4L8.868,10.16,11.112,12.5l5.181-5.181,1.414,1.414-5.261,5.261A1.873,1.873,0,0,1,11.111,14.542Z\"><\/path><\/g><\/svg>\t\t\t\t<\/span>\n\t\t\t<\/div>\n\t\t\t\n\t\t\t\t\t\t<div class=\"elementor-icon-box-content\">\n\n\t\t\t\t\t\t\t\t\t<h3 class=\"elementor-icon-box-title\">\n\t\t\t\t\t\t<span  >\n\t\t\t\t\t\t\tVra\u010dilo denarja\t\t\t\t\t\t<\/span>\n\t\t\t\t\t<\/h3>\n\t\t\t\t\n\t\t\t\t\t\t\t\t\t<p class=\"elementor-icon-box-description\">\n\t\t\t\t\t\t30-dnevna garancija za vra\u010dilo denarja.\t\t\t\t\t<\/p>\n\t\t\t\t\n\t\t\t<\/div>\n\t\t\t\n\t\t<\/div>\n\t\t\t\t\t\t<\/div>\n\t\t\t\t<\/div>\n\t\t\t\t<\/div>\n\t\t\t\t\t<\/div>\n\t\t\t\t<\/div>\n\t\t<div class=\"elementor-element elementor-element-669f20a e-flex e-con-boxed e-con e-parent\" data-id=\"669f20a\" data-element_type=\"container\" data-e-type=\"container\" data-settings=\"{&quot;jet_parallax_layout_list&quot;:[]}\">\n\t\t\t\t\t<div class=\"e-con-inner\">\n\t\t<a class=\"elementor-element elementor-element-4d44996 e-con-full e-flex e-con e-child\" data-id=\"4d44996\" data-element_type=\"container\" data-e-type=\"container\" data-settings=\"{&quot;background_background&quot;:&quot;gradient&quot;,&quot;jet_parallax_layout_list&quot;:[]}\" href=\"#\">\n\t\t\t\t<div class=\"elementor-element elementor-element-3cfaba9 elementor-widget elementor-widget-image\" data-id=\"3cfaba9\" data-element_type=\"widget\" data-e-type=\"widget\" data-widget_type=\"image.default\">\n\t\t\t\t<div class=\"elementor-widget-container\">\n\t\t\t\t\t\t\t\t\t\t\t\t\t\t\t<img fetchpriority=\"high\" decoding=\"async\" width=\"1024\" height=\"961\" src=\"https:\/\/kapa.si\/wp-content\/uploads\/2024\/09\/freepik-export-20240910123327yruw-1024x961.jpeg\" class=\"attachment-large size-large wp-image-1752\" alt=\"\" srcset=\"https:\/\/kapa.si\/wp-content\/uploads\/2024\/09\/freepik-export-20240910123327yruw-1024x961.jpeg 1024w, https:\/\/kapa.si\/wp-content\/uploads\/2024\/09\/freepik-export-20240910123327yruw-300x282.jpeg 300w, https:\/\/kapa.si\/wp-content\/uploads\/2024\/09\/freepik-export-20240910123327yruw-768x721.jpeg 768w, https:\/\/kapa.si\/wp-content\/uploads\/2024\/09\/freepik-export-20240910123327yruw-1536x1442.jpeg 1536w, https:\/\/kapa.si\/wp-content\/uploads\/2024\/09\/freepik-export-20240910123327yruw-2048x1923.jpeg 2048w, https:\/\/kapa.si\/wp-content\/uploads\/2024\/09\/freepik-export-20240910123327yruw-800x751.jpeg 800w, https:\/\/kapa.si\/wp-content\/uploads\/2024\/09\/freepik-export-20240910123327yruw-1000x939.jpeg 1000w\" sizes=\"(max-width: 1024px) 100vw, 1024px\" \/>\t\t\t\t\t\t\t\t\t\t\t\t\t\t\t<\/div>\n\t\t\t\t<\/div>\n\t\t\t\t<div class=\"elementor-element elementor-element-28700ae elementor-widget elementor-widget-heading\" data-id=\"28700ae\" data-element_type=\"widget\" data-e-type=\"widget\" data-widget_type=\"heading.default\">\n\t\t\t\t<div class=\"elementor-widget-container\">\n\t\t\t\t\t<h3 class=\"elementor-heading-title elementor-size-default\">Popusti na lansko kolekcijo - do 30%! <\/h3>\t\t\t\t<\/div>\n\t\t\t\t<\/div>\n\t\t\t\t<div class=\"elementor-element elementor-element-2030ae0 elementor-widget elementor-widget-text-editor\" data-id=\"2030ae0\" data-element_type=\"widget\" data-e-type=\"widget\" data-widget_type=\"text-editor.default\">\n\t\t\t\t<div class=\"elementor-widget-container\">\n\t\t\t\t\t\t\t\t\tPripravite se na hladne dni v stilu in prihranite do 30%. Pohitite, zaloge so omejene!\t\t\t\t\t\t\t\t<\/div>\n\t\t\t\t<\/div>\n\t\t\t\t<\/a>\n\t\t<div class=\"elementor-element elementor-element-901816a e-con-full e-flex e-con e-child\" data-id=\"901816a\" data-element_type=\"container\" data-e-type=\"container\" data-settings=\"{&quot;jet_parallax_layout_list&quot;:[]}\">\n\t\t\t\t<div class=\"elementor-element elementor-element-a9c4ea7 elementor-grid-3 elementor-grid-tablet-3 elementor-grid-mobile-2 elementor-products-grid elementor-wc-products elementor-widget elementor-widget-wc-categories\" data-id=\"a9c4ea7\" data-element_type=\"widget\" data-e-type=\"widget\" data-widget_type=\"wc-categories.default\">\n\t\t\t\t<div class=\"elementor-widget-container\">\n\t\t\t\t\t<div class=\"woocommerce columns-3\"><ul class=\"products elementor-grid columns-3\" data-products=\"type-3\" data-hover=\"zoom-in\">\n<li class=\"product-category product first\">\n\t<a aria-label=\"Obi\u0161\u010dite kategorijo izdelka Trakovi za glavo\" href=\"https:\/\/kapa.si\/sl\/product-category\/trakovi-za-glavo\/\"><img decoding=\"async\" src=\"https:\/\/kapa.si\/wp-content\/uploads\/woocommerce-placeholder-300x300.png\" alt=\"Trakovi za glavo\" width=\"300\" height=\"300\" \/>\t\t<h2 class=\"woocommerce-loop-category__title\">\n\t\t\tTrakovi za glavo\t\t<\/h2>\n\t\t<\/a><\/li>\n<li class=\"product-category product\">\n\t<a aria-label=\"Obi\u0161\u010dite kategorijo izdelka \u0160ali\" href=\"https:\/\/kapa.si\/sl\/product-category\/sali\/\"><img decoding=\"async\" src=\"https:\/\/kapa.si\/wp-content\/uploads\/woocommerce-placeholder-300x300.png\" alt=\"\u0160ali\" width=\"300\" height=\"300\" \/>\t\t<h2 class=\"woocommerce-loop-category__title\">\n\t\t\t\u0160ali\t\t<\/h2>\n\t\t<\/a><\/li>\n<li class=\"product-category product last\">\n\t<a aria-label=\"Obi\u0161\u010dite kategorijo izdelka Rokavice\" href=\"https:\/\/kapa.si\/sl\/product-category\/rokavice\/\"><img loading=\"lazy\" decoding=\"async\" src=\"https:\/\/kapa.si\/wp-content\/uploads\/woocommerce-placeholder-300x300.png\" alt=\"Rokavice\" width=\"300\" height=\"300\" \/>\t\t<h2 class=\"woocommerce-loop-category__title\">\n\t\t\tRokavice <mark class=\"count\">(1)<\/mark>\t\t<\/h2>\n\t\t<\/a><\/li>\n<li class=\"product-category product first\">\n\t<a aria-label=\"Obi\u0161\u010dite kategorijo izdelka Kompleti\" href=\"https:\/\/kapa.si\/sl\/product-category\/kompleti\/\"><img loading=\"lazy\" decoding=\"async\" src=\"https:\/\/kapa.si\/wp-content\/uploads\/woocommerce-placeholder-300x300.png\" alt=\"Kompleti\" width=\"300\" height=\"300\" \/>\t\t<h2 class=\"woocommerce-loop-category__title\">\n\t\t\tKompleti\t\t<\/h2>\n\t\t<\/a><\/li>\n<li class=\"product-category product\">\n\t<a aria-label=\"Obi\u0161\u010dite kategorijo izdelka Kape\" href=\"https:\/\/kapa.si\/sl\/product-category\/kape-sl\/\"><img loading=\"lazy\" decoding=\"async\" src=\"https:\/\/kapa.si\/wp-content\/uploads\/woocommerce-placeholder-300x300.png\" alt=\"Kape\" width=\"300\" height=\"300\" \/>\t\t<h2 class=\"woocommerce-loop-category__title\">\n\t\t\tKape\t\t<\/h2>\n\t\t<\/a><\/li>\n<li class=\"product-category product last\">\n\t<a aria-label=\"Obi\u0161\u010dite kategorijo izdelka Drugo\" href=\"https:\/\/kapa.si\/sl\/product-category\/drugo\/\"><img loading=\"lazy\" decoding=\"async\" src=\"https:\/\/kapa.si\/wp-content\/uploads\/woocommerce-placeholder-300x300.png\" alt=\"Drugo\" width=\"300\" height=\"300\" \/>\t\t<h2 class=\"woocommerce-loop-category__title\">\n\t\t\tDrugo\t\t<\/h2>\n\t\t<\/a><\/li>\n<\/ul>\n<\/div>\t\t\t\t<\/div>\n\t\t\t\t<\/div>\n\t\t\t\t<\/div>\n\t\t\t\t\t<\/div>\n\t\t\t\t<\/div>\n\t\t\t\t<\/div>\n\t\t","protected":false},"excerpt":{"rendered":"<p>Kape, \u0161ali, rokavice in ve\u010d Odkrijte \u0161irok izbor zimskih dodatkov, ki vam bodo pomagali ostati topli in stilsko oble\u010deni! Obi\u0161\u010dite trgovino! Odkrijte najnovej\u0161e kape Predstavljamo najnovej\u0161e modele kap, ki popolnoma zdru\u017eujejo stil, udobje in kakovost. Vsaka kapa je skrbno izbrana, da vam zagotovi toploto in brez\u010dasno eleganco v hladnej\u0161ih mesecih. Obi\u0161\u010dite trgovino! Brezpla\u010dna dostava Brezpla\u010dna [&hellip;]<\/p>\n","protected":false},"author":1,"featured_media":0,"parent":0,"menu_order":0,"comment_status":"closed","ping_status":"closed","template":"","meta":{"footnotes":""},"class_list":["post-2067","page","type-page","status-publish","hentry"],"blocksy_meta":{"vertical_spacing_source":"custom","content_area_spacing":"bottom","has_hero_section":"disabled","styles_descriptor":{"styles":{"desktop":"","tablet":"","mobile":""},"google_fonts":[],"version":6}},"_links":{"self":[{"href":"https:\/\/kapa.si\/sl\/wp-json\/wp\/v2\/pages\/2067","targetHints":{"allow":["GET"]}}],"collection":[{"href":"https:\/\/kapa.si\/sl\/wp-json\/wp\/v2\/pages"}],"about":[{"href":"https:\/\/kapa.si\/sl\/wp-json\/wp\/v2\/types\/page"}],"author":[{"embeddable":true,"href":"https:\/\/kapa.si\/sl\/wp-json\/wp\/v2\/users\/1"}],"replies":[{"embeddable":true,"href":"https:\/\/kapa.si\/sl\/wp-json\/wp\/v2\/comments?post=2067"}],"version-history":[{"count":26,"href":"https:\/\/kapa.si\/sl\/wp-json\/wp\/v2\/pages\/2067\/revisions"}],"predecessor-version":[{"id":7006,"href":"https:\/\/kapa.si\/sl\/wp-json\/wp\/v2\/pages\/2067\/revisions\/7006"}],"wp:attachment":[{"href":"https:\/\/kapa.si\/sl\/wp-json\/wp\/v2\/media?parent=2067"}],"curies":[{"name":"wp","href":"https:\/\/api.w.org\/{rel}","templated":true}]}}