{"id":2066,"date":"2024-09-10T12:00:58","date_gmt":"2024-09-10T12:00:58","guid":{"rendered":"https:\/\/kapa.si\/home-2\/"},"modified":"2024-09-18T08:56:43","modified_gmt":"2024-09-18T08:56:43","slug":"home-2","status":"publish","type":"page","link":"https:\/\/kapa.si\/hr\/","title":{"rendered":"Po\u010detna"},"content":{"rendered":"\t\t<div data-elementor-type=\"wp-page\" data-elementor-id=\"2066\" class=\"elementor elementor-2066 elementor-1037\" data-elementor-post-type=\"page\">\n\t\t\t\t<div class=\"elementor-element elementor-element-09ab929 e-flex e-con-boxed e-con e-parent\" data-id=\"09ab929\" data-element_type=\"container\" data-e-type=\"container\" data-settings=\"{&quot;background_background&quot;:&quot;classic&quot;,&quot;jet_parallax_layout_list&quot;:[]}\">\n\t\t\t\t\t<div class=\"e-con-inner\">\n\t\t<div class=\"elementor-element elementor-element-773c997 e-con-full e-flex e-con e-child\" data-id=\"773c997\" data-element_type=\"container\" data-e-type=\"container\" data-settings=\"{&quot;jet_parallax_layout_list&quot;:[]}\">\n\t\t\t\t<div class=\"elementor-element elementor-element-b358d01 elementor-widget elementor-widget-heading\" data-id=\"b358d01\" data-element_type=\"widget\" data-e-type=\"widget\" data-widget_type=\"heading.default\">\n\t\t\t\t<div class=\"elementor-widget-container\">\n\t\t\t\t\t<h2 class=\"elementor-heading-title elementor-size-default\">Kape, \u0161alovi, rukavice i jo\u0161<\/h2>\t\t\t\t<\/div>\n\t\t\t\t<\/div>\n\t\t\t\t<div class=\"elementor-element elementor-element-e6d0296 elementor-widget elementor-widget-text-editor\" data-id=\"e6d0296\" data-element_type=\"widget\" data-e-type=\"widget\" data-widget_type=\"text-editor.default\">\n\t\t\t\t<div class=\"elementor-widget-container\">\n\t\t\t\t\t\t\t\t\tOtkrijte \u0161irok izbor zimskih dodataka koji \u0107e vam pomo\u0107i da ostanete topli i stilski obu\u010deni!\t\t\t\t\t\t\t\t<\/div>\n\t\t\t\t<\/div>\n\t\t\t\t<div class=\"elementor-element elementor-element-432162d elementor-align-left elementor-widget elementor-widget-button\" data-id=\"432162d\" data-element_type=\"widget\" data-e-type=\"widget\" data-widget_type=\"button.default\">\n\t\t\t\t<div class=\"elementor-widget-container\">\n\t\t\t\t\t\t\t\t\t<div class=\"elementor-button-wrapper\">\n\t\t\t\t\t<a class=\"elementor-button elementor-button-link elementor-size-sm\" href=\"https:\/\/kapa.si\/hr\/shop\/\">\n\t\t\t\t\t\t<span class=\"elementor-button-content-wrapper\">\n\t\t\t\t\t\t<span class=\"elementor-button-icon\">\n\t\t\t\t<svg aria-hidden=\"true\" class=\"e-font-icon-svg e-fas-angle-right\" viewBox=\"0 0 256 512\" xmlns=\"http:\/\/www.w3.org\/2000\/svg\"><path d=\"M224.3 273l-136 136c-9.4 9.4-24.6 9.4-33.9 0l-22.6-22.6c-9.4-9.4-9.4-24.6 0-33.9l96.4-96.4-96.4-96.4c-9.4-9.4-9.4-24.6 0-33.9L54.3 103c9.4-9.4 24.6-9.4 33.9 0l136 136c9.5 9.4 9.5 24.6.1 34z\"><\/path><\/svg>\t\t\t<\/span>\n\t\t\t\t\t\t\t\t\t<span class=\"elementor-button-text\">Posjetite trgovinu!<\/span>\n\t\t\t\t\t<\/span>\n\t\t\t\t\t<\/a>\n\t\t\t\t<\/div>\n\t\t\t\t\t\t\t\t<\/div>\n\t\t\t\t<\/div>\n\t\t\t\t<\/div>\n\t\t<div class=\"elementor-element elementor-element-39ca5d8 e-con-full elementor-hidden-tablet elementor-hidden-mobile e-flex e-con e-child\" data-id=\"39ca5d8\" data-element_type=\"container\" data-e-type=\"container\" data-settings=\"{&quot;jet_parallax_layout_list&quot;:[]}\">\n\t\t\t\t<\/div>\n\t\t\t\t\t<\/div>\n\t\t\t\t<\/div>\n\t\t<div class=\"elementor-element elementor-element-48bb4b1 e-flex e-con-boxed e-con e-parent\" data-id=\"48bb4b1\" data-element_type=\"container\" data-e-type=\"container\" data-settings=\"{&quot;jet_parallax_layout_list&quot;:[]}\">\n\t\t\t\t\t<div class=\"e-con-inner\">\n\t\t\t\t<div class=\"elementor-element elementor-element-2572821 elementor-widget elementor-widget-heading\" data-id=\"2572821\" data-element_type=\"widget\" data-e-type=\"widget\" data-widget_type=\"heading.default\">\n\t\t\t\t<div class=\"elementor-widget-container\">\n\t\t\t\t\t<h2 class=\"elementor-heading-title elementor-size-default\">Otkrijte najnovije kape<\/h2>\t\t\t\t<\/div>\n\t\t\t\t<\/div>\n\t\t\t\t<div class=\"elementor-element elementor-element-2bcfcbb elementor-widget elementor-widget-text-editor\" data-id=\"2bcfcbb\" data-element_type=\"widget\" data-e-type=\"widget\" data-widget_type=\"text-editor.default\">\n\t\t\t\t<div class=\"elementor-widget-container\">\n\t\t\t\t\t\t\t\t\tPredstavljamo najnovije modele kapa, koje savr\u0161eno kombiniraju stil, udobnost i kvalitetu. Svaka kapa pa\u017eljivo je odabrana kako bi vam pru\u017eila toplinu i bezvremensku eleganciju tijekom hladnijih mjeseci.\t\t\t\t\t\t\t\t<\/div>\n\t\t\t\t<\/div>\n\t\t\t\t<div class=\"elementor-element elementor-element-2791a8b elementor-widget elementor-widget-shortcode\" data-id=\"2791a8b\" data-element_type=\"widget\" data-e-type=\"widget\" data-widget_type=\"shortcode.default\">\n\t\t\t\t<div class=\"elementor-widget-container\">\n\t\t\t\t\t\t\t<div class=\"elementor-shortcode\"><div class=\"woocommerce columns-4 \"><\/div><\/div>\n\t\t\t\t\t\t<\/div>\n\t\t\t\t<\/div>\n\t\t\t\t<div class=\"elementor-element elementor-element-1855058 elementor-align-center elementor-widget elementor-widget-button\" data-id=\"1855058\" data-element_type=\"widget\" data-e-type=\"widget\" data-widget_type=\"button.default\">\n\t\t\t\t<div class=\"elementor-widget-container\">\n\t\t\t\t\t\t\t\t\t<div class=\"elementor-button-wrapper\">\n\t\t\t\t\t<a class=\"elementor-button elementor-button-link elementor-size-sm\" href=\"https:\/\/kapa.si\/hr\/shop\/\">\n\t\t\t\t\t\t<span class=\"elementor-button-content-wrapper\">\n\t\t\t\t\t\t<span class=\"elementor-button-icon\">\n\t\t\t\t<svg aria-hidden=\"true\" class=\"e-font-icon-svg e-fas-angle-right\" viewBox=\"0 0 256 512\" xmlns=\"http:\/\/www.w3.org\/2000\/svg\"><path d=\"M224.3 273l-136 136c-9.4 9.4-24.6 9.4-33.9 0l-22.6-22.6c-9.4-9.4-9.4-24.6 0-33.9l96.4-96.4-96.4-96.4c-9.4-9.4-9.4-24.6 0-33.9L54.3 103c9.4-9.4 24.6-9.4 33.9 0l136 136c9.5 9.4 9.5 24.6.1 34z\"><\/path><\/svg>\t\t\t<\/span>\n\t\t\t\t\t\t\t\t\t<span class=\"elementor-button-text\">Posjetite trgovinu!<\/span>\n\t\t\t\t\t<\/span>\n\t\t\t\t\t<\/a>\n\t\t\t\t<\/div>\n\t\t\t\t\t\t\t\t<\/div>\n\t\t\t\t<\/div>\n\t\t\t\t\t<\/div>\n\t\t\t\t<\/div>\n\t\t<div class=\"elementor-element elementor-element-479d282 e-flex e-con-boxed e-con e-parent\" data-id=\"479d282\" data-element_type=\"container\" data-e-type=\"container\" data-settings=\"{&quot;background_background&quot;:&quot;classic&quot;,&quot;jet_parallax_layout_list&quot;:[]}\">\n\t\t\t\t\t<div class=\"e-con-inner\">\n\t\t<div class=\"elementor-element elementor-element-07deaf3 e-con-full e-flex e-con e-child\" data-id=\"07deaf3\" data-element_type=\"container\" data-e-type=\"container\" data-settings=\"{&quot;jet_parallax_layout_list&quot;:[]}\">\n\t\t\t\t<div class=\"elementor-element elementor-element-796467f elementor-position-inline-start elementor-view-default elementor-mobile-position-block-start elementor-widget elementor-widget-icon-box\" data-id=\"796467f\" data-element_type=\"widget\" data-e-type=\"widget\" data-widget_type=\"icon-box.default\">\n\t\t\t\t<div class=\"elementor-widget-container\">\n\t\t\t\t\t\t\t<div class=\"elementor-icon-box-wrapper\">\n\n\t\t\t\t\t\t<div class=\"elementor-icon-box-icon\">\n\t\t\t\t<span  class=\"elementor-icon\">\n\t\t\t\t<svg xmlns=\"http:\/\/www.w3.org\/2000\/svg\" id=\"Layer_1\" data-name=\"Layer 1\" viewBox=\"0 0 24 24\" width=\"512\" height=\"512\"><path d=\"M19,5H17V4a3,3,0,0,0-3-3H3A3,3,0,0,0,0,4V19H2.041A3.465,3.465,0,0,0,2,19.5a3.5,3.5,0,0,0,7,0,3.465,3.465,0,0,0-.041-.5h6.082a3.465,3.465,0,0,0-.041.5,3.5,3.5,0,0,0,7,0,3.465,3.465,0,0,0-.041-.5H24V10A5.006,5.006,0,0,0,19,5Zm0,2a3,3,0,0,1,3,3v1H17V7ZM7,19.5a1.5,1.5,0,0,1-3,0,1.418,1.418,0,0,1,.093-.5H6.907A1.418,1.418,0,0,1,7,19.5ZM15,17H2V4A1,1,0,0,1,3,3H14a1,1,0,0,1,1,1Zm5,2.5a1.5,1.5,0,0,1-3,0,1.41,1.41,0,0,1,.093-.5h2.814A1.41,1.41,0,0,1,20,19.5ZM17,17V13h5v4Z\"><\/path><\/svg>\t\t\t\t<\/span>\n\t\t\t<\/div>\n\t\t\t\n\t\t\t\t\t\t<div class=\"elementor-icon-box-content\">\n\n\t\t\t\t\t\t\t\t\t<h3 class=\"elementor-icon-box-title\">\n\t\t\t\t\t\t<span  >\n\t\t\t\t\t\t\tBesplatna dostava\t\t\t\t\t\t<\/span>\n\t\t\t\t\t<\/h3>\n\t\t\t\t\n\t\t\t\t\t\t\t\t\t<p class=\"elementor-icon-box-description\">\n\t\t\t\t\t\tBesplatna dostava za narud\u017ebe iznad 120 \u20ac.\t\t\t\t\t<\/p>\n\t\t\t\t\n\t\t\t<\/div>\n\t\t\t\n\t\t<\/div>\n\t\t\t\t\t\t<\/div>\n\t\t\t\t<\/div>\n\t\t\t\t<\/div>\n\t\t<div class=\"elementor-element elementor-element-b9df084 e-con-full e-flex e-con e-child\" data-id=\"b9df084\" data-element_type=\"container\" data-e-type=\"container\" data-settings=\"{&quot;jet_parallax_layout_list&quot;:[]}\">\n\t\t\t\t<div class=\"elementor-element elementor-element-d0b07cf elementor-position-inline-start elementor-view-default elementor-mobile-position-block-start elementor-widget elementor-widget-icon-box\" data-id=\"d0b07cf\" data-element_type=\"widget\" data-e-type=\"widget\" data-widget_type=\"icon-box.default\">\n\t\t\t\t<div class=\"elementor-widget-container\">\n\t\t\t\t\t\t\t<div class=\"elementor-icon-box-wrapper\">\n\n\t\t\t\t\t\t<div class=\"elementor-icon-box-icon\">\n\t\t\t\t<span  class=\"elementor-icon\">\n\t\t\t\t<svg xmlns=\"http:\/\/www.w3.org\/2000\/svg\" id=\"Outline\" viewBox=\"0 0 24 24\" width=\"512\" height=\"512\"><path d=\"M21,12.424V11A9,9,0,0,0,3,11v1.424A5,5,0,0,0,5,22a2,2,0,0,0,2-2V14a2,2,0,0,0-2-2V11a7,7,0,0,1,14,0v1a2,2,0,0,0-2,2v6H14a1,1,0,0,0,0,2h5a5,5,0,0,0,2-9.576ZM5,20H5a3,3,0,0,1,0-6Zm14,0V14a3,3,0,0,1,0,6Z\"><\/path><\/svg>\t\t\t\t<\/span>\n\t\t\t<\/div>\n\t\t\t\n\t\t\t\t\t\t<div class=\"elementor-icon-box-content\">\n\n\t\t\t\t\t\t\t\t\t<h3 class=\"elementor-icon-box-title\">\n\t\t\t\t\t\t<span  >\n\t\t\t\t\t\t\tOnline podr\u0161ka 24\/7\t\t\t\t\t\t<\/span>\n\t\t\t\t\t<\/h3>\n\t\t\t\t\n\t\t\t\t\t\t\t\t\t<p class=\"elementor-icon-box-description\">\n\t\t\t\t\t\tPodr\u0161ka putem e-po\u0161te dostupna 24\/7.\t\t\t\t\t<\/p>\n\t\t\t\t\n\t\t\t<\/div>\n\t\t\t\n\t\t<\/div>\n\t\t\t\t\t\t<\/div>\n\t\t\t\t<\/div>\n\t\t\t\t<\/div>\n\t\t<div class=\"elementor-element elementor-element-4adc704 e-con-full e-flex e-con e-child\" data-id=\"4adc704\" data-element_type=\"container\" data-e-type=\"container\" data-settings=\"{&quot;jet_parallax_layout_list&quot;:[]}\">\n\t\t\t\t<div class=\"elementor-element elementor-element-62c7ee8 elementor-position-inline-start elementor-view-default elementor-mobile-position-block-start elementor-widget elementor-widget-icon-box\" data-id=\"62c7ee8\" data-element_type=\"widget\" data-e-type=\"widget\" data-widget_type=\"icon-box.default\">\n\t\t\t\t<div class=\"elementor-widget-container\">\n\t\t\t\t\t\t\t<div class=\"elementor-icon-box-wrapper\">\n\n\t\t\t\t\t\t<div class=\"elementor-icon-box-icon\">\n\t\t\t\t<span  class=\"elementor-icon\">\n\t\t\t\t<svg xmlns=\"http:\/\/www.w3.org\/2000\/svg\" id=\"Outline\" viewBox=\"0 0 24 24\" width=\"512\" height=\"512\"><circle cx=\"5.5\" cy=\"15.5\" r=\"1.5\"><\/circle><path d=\"M19,3H5A5.006,5.006,0,0,0,0,8v8a5.006,5.006,0,0,0,5,5H19a5.006,5.006,0,0,0,5-5V8A5.006,5.006,0,0,0,19,3ZM5,5H19a3,3,0,0,1,3,3H2A3,3,0,0,1,5,5ZM19,19H5a3,3,0,0,1-3-3V10H22v6A3,3,0,0,1,19,19Z\"><\/path><\/svg>\t\t\t\t<\/span>\n\t\t\t<\/div>\n\t\t\t\n\t\t\t\t\t\t<div class=\"elementor-icon-box-content\">\n\n\t\t\t\t\t\t\t\t\t<h3 class=\"elementor-icon-box-title\">\n\t\t\t\t\t\t<span  >\n\t\t\t\t\t\t\tSigurno online pla\u0107anje\t\t\t\t\t\t<\/span>\n\t\t\t\t\t<\/h3>\n\t\t\t\t\n\t\t\t\t\t\t\t\t\t<p class=\"elementor-icon-box-description\">\n\t\t\t\t\t\tU\u017eivajte u sigurnim i pouzdanim online pla\u0107anjima.\t\t\t\t\t<\/p>\n\t\t\t\t\n\t\t\t<\/div>\n\t\t\t\n\t\t<\/div>\n\t\t\t\t\t\t<\/div>\n\t\t\t\t<\/div>\n\t\t\t\t<\/div>\n\t\t<div class=\"elementor-element elementor-element-702c542 e-con-full e-flex e-con e-child\" data-id=\"702c542\" data-element_type=\"container\" data-e-type=\"container\" data-settings=\"{&quot;jet_parallax_layout_list&quot;:[]}\">\n\t\t\t\t<div class=\"elementor-element elementor-element-6efaa41 elementor-position-inline-start elementor-view-default elementor-mobile-position-block-start elementor-widget elementor-widget-icon-box\" data-id=\"6efaa41\" data-element_type=\"widget\" data-e-type=\"widget\" data-widget_type=\"icon-box.default\">\n\t\t\t\t<div class=\"elementor-widget-container\">\n\t\t\t\t\t\t\t<div class=\"elementor-icon-box-wrapper\">\n\n\t\t\t\t\t\t<div class=\"elementor-icon-box-icon\">\n\t\t\t\t<span  class=\"elementor-icon\">\n\t\t\t\t<svg xmlns=\"http:\/\/www.w3.org\/2000\/svg\" viewBox=\"0 0 24 24\" width=\"512\" height=\"512\"><g id=\"_01_align_center\" data-name=\"01 align center\"><path d=\"M11.948,24.009l-.354-.157C11.2,23.679,2,19.524,2,12V5.476A2.983,2.983,0,0,1,4.051,2.644L12,.009l7.949,2.635A2.983,2.983,0,0,1,22,5.476V12c0,8.577-9.288,11.755-9.684,11.887ZM12,2.106,4.684,4.532A.992.992,0,0,0,4,5.476V12c0,5.494,6.44,9.058,8.047,9.861C13.651,21.216,20,18.263,20,12V5.476a.992.992,0,0,0-.684-.944Z\"><\/path><path d=\"M11.111,14.542h-.033a1.872,1.872,0,0,1-1.345-.6l-2.306-2.4L8.868,10.16,11.112,12.5l5.181-5.181,1.414,1.414-5.261,5.261A1.873,1.873,0,0,1,11.111,14.542Z\"><\/path><\/g><\/svg>\t\t\t\t<\/span>\n\t\t\t<\/div>\n\t\t\t\n\t\t\t\t\t\t<div class=\"elementor-icon-box-content\">\n\n\t\t\t\t\t\t\t\t\t<h3 class=\"elementor-icon-box-title\">\n\t\t\t\t\t\t<span  >\n\t\t\t\t\t\t\tPovrata Novca\t\t\t\t\t\t<\/span>\n\t\t\t\t\t<\/h3>\n\t\t\t\t\n\t\t\t\t\t\t\t\t\t<p class=\"elementor-icon-box-description\">\n\t\t\t\t\t\t30-dnevno jamstvo povrata novca.\t\t\t\t\t<\/p>\n\t\t\t\t\n\t\t\t<\/div>\n\t\t\t\n\t\t<\/div>\n\t\t\t\t\t\t<\/div>\n\t\t\t\t<\/div>\n\t\t\t\t<\/div>\n\t\t\t\t\t<\/div>\n\t\t\t\t<\/div>\n\t\t<div class=\"elementor-element elementor-element-669f20a e-flex e-con-boxed e-con e-parent\" data-id=\"669f20a\" data-element_type=\"container\" data-e-type=\"container\" data-settings=\"{&quot;jet_parallax_layout_list&quot;:[]}\">\n\t\t\t\t\t<div class=\"e-con-inner\">\n\t\t<a class=\"elementor-element elementor-element-4d44996 e-con-full e-flex e-con e-child\" data-id=\"4d44996\" data-element_type=\"container\" data-e-type=\"container\" data-settings=\"{&quot;background_background&quot;:&quot;gradient&quot;,&quot;jet_parallax_layout_list&quot;:[]}\" href=\"#\">\n\t\t\t\t<div class=\"elementor-element elementor-element-3cfaba9 elementor-widget elementor-widget-image\" data-id=\"3cfaba9\" data-element_type=\"widget\" data-e-type=\"widget\" data-widget_type=\"image.default\">\n\t\t\t\t<div class=\"elementor-widget-container\">\n\t\t\t\t\t\t\t\t\t\t\t\t\t\t\t<img fetchpriority=\"high\" decoding=\"async\" width=\"1024\" height=\"961\" src=\"https:\/\/kapa.si\/wp-content\/uploads\/2024\/09\/freepik-export-20240910123327yruw-1024x961.jpeg\" class=\"attachment-large size-large wp-image-1751\" alt=\"\" srcset=\"https:\/\/kapa.si\/wp-content\/uploads\/2024\/09\/freepik-export-20240910123327yruw-1024x961.jpeg 1024w, https:\/\/kapa.si\/wp-content\/uploads\/2024\/09\/freepik-export-20240910123327yruw-300x282.jpeg 300w, https:\/\/kapa.si\/wp-content\/uploads\/2024\/09\/freepik-export-20240910123327yruw-768x721.jpeg 768w, https:\/\/kapa.si\/wp-content\/uploads\/2024\/09\/freepik-export-20240910123327yruw-1536x1442.jpeg 1536w, https:\/\/kapa.si\/wp-content\/uploads\/2024\/09\/freepik-export-20240910123327yruw-2048x1923.jpeg 2048w, https:\/\/kapa.si\/wp-content\/uploads\/2024\/09\/freepik-export-20240910123327yruw-800x751.jpeg 800w, https:\/\/kapa.si\/wp-content\/uploads\/2024\/09\/freepik-export-20240910123327yruw-1000x939.jpeg 1000w\" sizes=\"(max-width: 1024px) 100vw, 1024px\" \/>\t\t\t\t\t\t\t\t\t\t\t\t\t\t\t<\/div>\n\t\t\t\t<\/div>\n\t\t\t\t<div class=\"elementor-element elementor-element-28700ae elementor-widget elementor-widget-heading\" data-id=\"28700ae\" data-element_type=\"widget\" data-e-type=\"widget\" data-widget_type=\"heading.default\">\n\t\t\t\t<div class=\"elementor-widget-container\">\n\t\t\t\t\t<h3 class=\"elementor-heading-title elementor-size-default\">Popusti na pro\u0161logodi\u0161nju kolekciju - do 30%!<\/h3>\t\t\t\t<\/div>\n\t\t\t\t<\/div>\n\t\t\t\t<div class=\"elementor-element elementor-element-2030ae0 elementor-widget elementor-widget-text-editor\" data-id=\"2030ae0\" data-element_type=\"widget\" data-e-type=\"widget\" data-widget_type=\"text-editor.default\">\n\t\t\t\t<div class=\"elementor-widget-container\">\n\t\t\t\t\t\t\t\t\tPripremite se za hladne dane u stilu i u\u0161tedite do 30%. Po\u017eurite, zalihe su ograni\u010dene!\t\t\t\t\t\t\t\t<\/div>\n\t\t\t\t<\/div>\n\t\t\t\t<\/a>\n\t\t<div class=\"elementor-element elementor-element-901816a e-con-full e-flex e-con e-child\" data-id=\"901816a\" data-element_type=\"container\" data-e-type=\"container\" data-settings=\"{&quot;jet_parallax_layout_list&quot;:[]}\">\n\t\t\t\t<div class=\"elementor-element elementor-element-a9c4ea7 elementor-grid-3 elementor-grid-tablet-3 elementor-grid-mobile-2 elementor-products-grid elementor-wc-products elementor-widget elementor-widget-wc-categories\" data-id=\"a9c4ea7\" data-element_type=\"widget\" data-e-type=\"widget\" data-widget_type=\"wc-categories.default\">\n\t\t\t\t<div class=\"elementor-widget-container\">\n\t\t\t\t\t<div class=\"woocommerce columns-3\"><ul class=\"products elementor-grid columns-3\" data-products=\"type-3\" data-hover=\"zoom-in\">\n<li class=\"product-category product first\">\n\t<a aria-label=\"Posjetite kategoriju proizvoda Trake za glavu\" href=\"https:\/\/kapa.si\/hr\/product-category\/trake-za-glavu\/\"><img decoding=\"async\" src=\"https:\/\/kapa.si\/wp-content\/uploads\/woocommerce-placeholder-300x300.png\" alt=\"Trake za glavu\" width=\"300\" height=\"300\" \/>\t\t<h2 class=\"woocommerce-loop-category__title\">\n\t\t\tTrake za glavu\t\t<\/h2>\n\t\t<\/a><\/li>\n<li class=\"product-category product\">\n\t<a aria-label=\"Posjetite kategoriju proizvoda Setovi\" href=\"https:\/\/kapa.si\/hr\/product-category\/setovi\/\"><img decoding=\"async\" src=\"https:\/\/kapa.si\/wp-content\/uploads\/woocommerce-placeholder-300x300.png\" alt=\"Setovi\" width=\"300\" height=\"300\" \/>\t\t<h2 class=\"woocommerce-loop-category__title\">\n\t\t\tSetovi\t\t<\/h2>\n\t\t<\/a><\/li>\n<li class=\"product-category product last\">\n\t<a aria-label=\"Posjetite kategoriju proizvoda \u0160alovi\" href=\"https:\/\/kapa.si\/hr\/product-category\/salovi\/\"><img loading=\"lazy\" decoding=\"async\" src=\"https:\/\/kapa.si\/wp-content\/uploads\/woocommerce-placeholder-300x300.png\" alt=\"\u0160alovi\" width=\"300\" height=\"300\" \/>\t\t<h2 class=\"woocommerce-loop-category__title\">\n\t\t\t\u0160alovi\t\t<\/h2>\n\t\t<\/a><\/li>\n<li class=\"product-category product first\">\n\t<a aria-label=\"Posjetite kategoriju proizvoda Rukavice\" href=\"https:\/\/kapa.si\/hr\/product-category\/rukavice\/\"><img loading=\"lazy\" decoding=\"async\" src=\"https:\/\/kapa.si\/wp-content\/uploads\/woocommerce-placeholder-300x300.png\" alt=\"Rukavice\" width=\"300\" height=\"300\" \/>\t\t<h2 class=\"woocommerce-loop-category__title\">\n\t\t\tRukavice <mark class=\"count\">(1)<\/mark>\t\t<\/h2>\n\t\t<\/a><\/li>\n<li class=\"product-category product\">\n\t<a aria-label=\"Posjetite kategoriju proizvoda Ostalo\" href=\"https:\/\/kapa.si\/hr\/product-category\/ostalo\/\"><img loading=\"lazy\" decoding=\"async\" src=\"https:\/\/kapa.si\/wp-content\/uploads\/woocommerce-placeholder-300x300.png\" alt=\"Ostalo\" width=\"300\" height=\"300\" \/>\t\t<h2 class=\"woocommerce-loop-category__title\">\n\t\t\tOstalo\t\t<\/h2>\n\t\t<\/a><\/li>\n<li class=\"product-category product last\">\n\t<a aria-label=\"Posjetite kategoriju proizvoda Kape\" href=\"https:\/\/kapa.si\/hr\/product-category\/kape\/\"><img loading=\"lazy\" decoding=\"async\" src=\"https:\/\/kapa.si\/wp-content\/uploads\/woocommerce-placeholder-300x300.png\" alt=\"Kape\" width=\"300\" height=\"300\" \/>\t\t<h2 class=\"woocommerce-loop-category__title\">\n\t\t\tKape\t\t<\/h2>\n\t\t<\/a><\/li>\n<\/ul>\n<\/div>\t\t\t\t<\/div>\n\t\t\t\t<\/div>\n\t\t\t\t<\/div>\n\t\t\t\t\t<\/div>\n\t\t\t\t<\/div>\n\t\t\t\t<\/div>\n\t\t","protected":false},"excerpt":{"rendered":"<p>Kape, \u0161alovi, rukavice i jo\u0161 Otkrijte \u0161irok izbor zimskih dodataka koji \u0107e vam pomo\u0107i da ostanete topli i stilski obu\u010deni! Posjetite trgovinu! Otkrijte najnovije kape Predstavljamo najnovije modele kapa, koje savr\u0161eno kombiniraju stil, udobnost i kvalitetu. Svaka kapa pa\u017eljivo je odabrana kako bi vam pru\u017eila toplinu i bezvremensku eleganciju tijekom hladnijih mjeseci. Posjetite trgovinu! Besplatna [&hellip;]<\/p>\n","protected":false},"author":1,"featured_media":0,"parent":0,"menu_order":0,"comment_status":"closed","ping_status":"closed","template":"","meta":{"footnotes":""},"class_list":["post-2066","page","type-page","status-publish","hentry"],"blocksy_meta":{"vertical_spacing_source":"custom","content_area_spacing":"bottom","has_hero_section":"disabled","styles_descriptor":{"styles":{"desktop":"","tablet":"","mobile":""},"google_fonts":[],"version":6}},"_links":{"self":[{"href":"https:\/\/kapa.si\/hr\/wp-json\/wp\/v2\/pages\/2066","targetHints":{"allow":["GET"]}}],"collection":[{"href":"https:\/\/kapa.si\/hr\/wp-json\/wp\/v2\/pages"}],"about":[{"href":"https:\/\/kapa.si\/hr\/wp-json\/wp\/v2\/types\/page"}],"author":[{"embeddable":true,"href":"https:\/\/kapa.si\/hr\/wp-json\/wp\/v2\/users\/1"}],"replies":[{"embeddable":true,"href":"https:\/\/kapa.si\/hr\/wp-json\/wp\/v2\/comments?post=2066"}],"version-history":[{"count":14,"href":"https:\/\/kapa.si\/hr\/wp-json\/wp\/v2\/pages\/2066\/revisions"}],"predecessor-version":[{"id":7003,"href":"https:\/\/kapa.si\/hr\/wp-json\/wp\/v2\/pages\/2066\/revisions\/7003"}],"wp:attachment":[{"href":"https:\/\/kapa.si\/hr\/wp-json\/wp\/v2\/media?parent=2066"}],"curies":[{"name":"wp","href":"https:\/\/api.w.org\/{rel}","templated":true}]}}